{"id":1859,"date":"2023-02-13T23:23:26","date_gmt":"2023-02-14T04:23:26","guid":{"rendered":"https:\/\/apik.tribu.co\/?page_id=1859"},"modified":"2025-02-12T09:46:15","modified_gmt":"2025-02-12T14:46:15","slug":"contact","status":"publish","type":"page","link":"https:\/\/apik.tribu.co\/en\/contact\/","title":{"rendered":"Contact"},"content":{"rendered":"<section id=\"block-67acb03943a82\" class=\"block header-text\" data-watch>\n\t<div class=\"container\">\n\t\t<div class=\"header-text-content wysiwyg\" data-break-lines=\"h1, h2, p\">\n\t\t\t<h2>CONTACT US<\/h2>\n\n\t\t<\/div>\n\t<\/div>\n<\/section>\n\n<section id=\"block-67acb03946bcd\" class=\"block question-list\" data-watch data-limit=\"\">\n\t<div class=\"container\">\n\n\t\t\n\t\t\t\t\t<div class=\"question-list-body\">\n\t\t\t\t<div class=\"question-list-content\">\n\t\t\t\t\t<div class=\"question-item item\">\n\t<div class=\"question-item-main\">\n\n\t\t<div class=\"question-item-head\">\n\t\t\t<div class=\"question-item-heading\">\n\t\t\t\t<div class=\"question-item-heading-title\"><span>Partnerships<\/span><\/div>\n\t\t\t\t<div class=\"question-item-heading-picto\">\n\t\t\t\t\t<svg class=\"question-item-heading-picto-arrow\" viewBox=\"0 0 936 720\">\n\t\t\t\t\t\t<path fill=\"transparent\" d=\"M518.5 124l189 189h-659v94h658.6c-62.9 62.6-125.5 125.6-188.6 188 22 22 45 44 67 67 100-101 201-202 302-302l-302-302c-22 22-45 44-67 66z\"\/>\n\t\t\t\t\t<\/svg>\n\t\t\t\t<\/div>\n\t\t\t<\/div>\n\t\t<\/div>\n\n\t\t<div class=\"question-item-body\">\n\t\t\t<div class=\"question-item-content wysiwyg\">\n\t\t\t\t<p><strong>Micah Desforges<br \/>\n<\/strong>CEO &amp; Founder<br \/>\n+1.514.831.7241<\/p>\n<p><a href=\"mailto:Micah@tribu.co\">Micah@tribu.co<\/a><\/p>\n<h3><\/h3>\n<p><strong>JD Barab\u00e9<\/strong><br \/>\nPartnerships Manager<br \/>\n+1.514.609.2018<\/p>\n<p><a href=\"jd@tribu.co\">jd@tribu.co<\/a><\/p>\n<p>&nbsp;<\/p>\n<p><strong>L\u00e9o Robert<\/strong><\/p>\n<p>Partnership Coordinator<br \/>\n+1.514-577-7078<\/p>\n<p>leo@tribu.co<\/p>\n\n\t\t\t<\/div>\n\t\t<\/div>\n\n\t<\/div>\n<\/div><div class=\"question-item item\">\n\t<div class=\"question-item-main\">\n\n\t\t<div class=\"question-item-head\">\n\t\t\t<div class=\"question-item-heading\">\n\t\t\t\t<div class=\"question-item-heading-title\"><span>Volunteer<\/span><\/div>\n\t\t\t\t<div class=\"question-item-heading-picto\">\n\t\t\t\t\t<svg class=\"question-item-heading-picto-arrow\" viewBox=\"0 0 936 720\">\n\t\t\t\t\t\t<path fill=\"transparent\" d=\"M518.5 124l189 189h-659v94h658.6c-62.9 62.6-125.5 125.6-188.6 188 22 22 45 44 67 67 100-101 201-202 302-302l-302-302c-22 22-45 44-67 66z\"\/>\n\t\t\t\t\t<\/svg>\n\t\t\t\t<\/div>\n\t\t\t<\/div>\n\t\t<\/div>\n\n\t\t<div class=\"question-item-body\">\n\t\t\t<div class=\"question-item-content wysiwyg\">\n\t\t\t\t<h3>Nathaniel Rheault<\/h3>\n<p>Project coordinator \u2013 Production<\/p>\n<p>+1.514.885.7000<\/p>\n<p>Nathaniel@tribu.co<\/p>\n\n\t\t\t<\/div>\n\t\t<\/div>\n\n\t<\/div>\n<\/div><div class=\"question-item item\">\n\t<div class=\"question-item-main\">\n\n\t\t<div class=\"question-item-head\">\n\t\t\t<div class=\"question-item-heading\">\n\t\t\t\t<div class=\"question-item-heading-title\"><span>Media<\/span><\/div>\n\t\t\t\t<div class=\"question-item-heading-picto\">\n\t\t\t\t\t<svg class=\"question-item-heading-picto-arrow\" viewBox=\"0 0 936 720\">\n\t\t\t\t\t\t<path fill=\"transparent\" d=\"M518.5 124l189 189h-659v94h658.6c-62.9 62.6-125.5 125.6-188.6 188 22 22 45 44 67 67 100-101 201-202 302-302l-302-302c-22 22-45 44-67 66z\"\/>\n\t\t\t\t\t<\/svg>\n\t\t\t\t<\/div>\n\t\t\t<\/div>\n\t\t<\/div>\n\n\t\t<div class=\"question-item-body\">\n\t\t\t<div class=\"question-item-content wysiwyg\">\n\t\t\t\t<h3>Sophie Des Marais<\/h3>\n<p>Public Relations<\/p>\n<p>+1.514.234.4736<\/p>\n<p><a href=\"mailto:sdesmarais@communicationactive.com\">sdesmarais@communicationactive.com<\/a><\/p>\n\n\t\t\t<\/div>\n\t\t<\/div>\n\n\t<\/div>\n<\/div><div class=\"question-item item\">\n\t<div class=\"question-item-main\">\n\n\t\t<div class=\"question-item-head\">\n\t\t\t<div class=\"question-item-heading\">\n\t\t\t\t<div class=\"question-item-heading-title\"><span>Others<\/span><\/div>\n\t\t\t\t<div class=\"question-item-heading-picto\">\n\t\t\t\t\t<svg class=\"question-item-heading-picto-arrow\" viewBox=\"0 0 936 720\">\n\t\t\t\t\t\t<path fill=\"transparent\" d=\"M518.5 124l189 189h-659v94h658.6c-62.9 62.6-125.5 125.6-188.6 188 22 22 45 44 67 67 100-101 201-202 302-302l-302-302c-22 22-45 44-67 66z\"\/>\n\t\t\t\t\t<\/svg>\n\t\t\t\t<\/div>\n\t\t\t<\/div>\n\t\t<\/div>\n\n\t\t<div class=\"question-item-body\">\n\t\t\t<div class=\"question-item-content wysiwyg\">\n\t\t\t\t<h3>Mathilde Levaudi<\/h3>\n<p>Communication &amp; Marketing Coordinator<\/p>\n<p>+1.438.530.4487<\/p>\n<p><a href=\"mailto:mathilde@tribu.co\">mathilde@tribu.co\u00a0<\/a><\/p>\n<h3>Audr\u00e9ane B\u00e9land C\u00f4t\u00e9<\/h3>\n<p>Communication &amp; Marketing Manager<\/p>\n<p>+1.514.442.5165<\/p>\n<p><a href=\"mailto:audreane@tribu.co\">audreane@tribu.co<\/a><\/p>\n\n\t\t\t<\/div>\n\t\t<\/div>\n\n\t<\/div>\n<\/div>\n\t\t\t\t<\/div>\n\t\t\t<\/div>\n\t\t\n\t\t\t\t\t<div class=\"question-list-foot\">\n\t\t\t\t<div class=\"question-list-cta\">\n\t\t\t\t\t\n\t\t\t\t<\/div>\n\t\t\t<\/div>\n\t\t\n\t<\/div>\n<\/section>","protected":false},"excerpt":{"rendered":"","protected":false},"author":14,"featured_media":0,"parent":0,"menu_order":0,"comment_status":"closed","ping_status":"closed","template":"","meta":{"_acf_changed":false,"content-type":"","footnotes":""},"class_list":["post-1859","page","type-page","status-publish","hentry"],"acf":[],"yoast_head":"<!-- This site is optimized with the Yoast SEO plugin v26.7 - https:\/\/yoast.com\/wordpress\/plugins\/seo\/ -->\n<title>Contact - APIK<\/title>\n<meta name=\"robots\" content=\"index, follow, max-snippet:-1, max-image-preview:large, max-video-preview:-1\" \/>\n<link rel=\"canonical\" href=\"https:\/\/apik.tribu.co\/en\/contact\/\" \/>\n<meta property=\"og:locale\" content=\"en_US\" \/>\n<meta property=\"og:type\" content=\"article\" \/>\n<meta property=\"og:title\" content=\"Contact - APIK\" \/>\n<meta property=\"og:url\" content=\"https:\/\/apik.tribu.co\/en\/contact\/\" \/>\n<meta property=\"og:site_name\" content=\"APIK\" \/>\n<meta property=\"article:modified_time\" content=\"2025-02-12T14:46:15+00:00\" \/>\n<meta name=\"twitter:card\" content=\"summary_large_image\" \/>\n<script type=\"application\/ld+json\" class=\"yoast-schema-graph\">{\"@context\":\"https:\/\/schema.org\",\"@graph\":[{\"@type\":\"WebPage\",\"@id\":\"https:\/\/apik.tribu.co\/en\/contact\/\",\"url\":\"https:\/\/apik.tribu.co\/en\/contact\/\",\"name\":\"Contact - APIK\",\"isPartOf\":{\"@id\":\"https:\/\/apik.tribu.co\/#website\"},\"datePublished\":\"2023-02-14T04:23:26+00:00\",\"dateModified\":\"2025-02-12T14:46:15+00:00\",\"breadcrumb\":{\"@id\":\"https:\/\/apik.tribu.co\/en\/contact\/#breadcrumb\"},\"inLanguage\":\"en-US\",\"potentialAction\":[{\"@type\":\"ReadAction\",\"target\":[\"https:\/\/apik.tribu.co\/en\/contact\/\"]}]},{\"@type\":\"BreadcrumbList\",\"@id\":\"https:\/\/apik.tribu.co\/en\/contact\/#breadcrumb\",\"itemListElement\":[{\"@type\":\"ListItem\",\"position\":1,\"name\":\"Home\",\"item\":\"https:\/\/apik.tribu.co\/en\/sample-page\/\"},{\"@type\":\"ListItem\",\"position\":2,\"name\":\"Contact\"}]},{\"@type\":\"WebSite\",\"@id\":\"https:\/\/apik.tribu.co\/#website\",\"url\":\"https:\/\/apik.tribu.co\/\",\"name\":\"APIK\",\"description\":\"Just another Tribu Exp\u00e9rientiel site\",\"potentialAction\":[{\"@type\":\"SearchAction\",\"target\":{\"@type\":\"EntryPoint\",\"urlTemplate\":\"https:\/\/apik.tribu.co\/?s={search_term_string}\"},\"query-input\":{\"@type\":\"PropertyValueSpecification\",\"valueRequired\":true,\"valueName\":\"search_term_string\"}}],\"inLanguage\":\"en-US\"}]}<\/script>\n<!-- \/ Yoast SEO plugin. -->","yoast_head_json":{"title":"Contact - APIK","robots":{"index":"index","follow":"follow","max-snippet":"max-snippet:-1","max-image-preview":"max-image-preview:large","max-video-preview":"max-video-preview:-1"},"canonical":"https:\/\/apik.tribu.co\/en\/contact\/","og_locale":"en_US","og_type":"article","og_title":"Contact - APIK","og_url":"https:\/\/apik.tribu.co\/en\/contact\/","og_site_name":"APIK","article_modified_time":"2025-02-12T14:46:15+00:00","twitter_card":"summary_large_image","schema":{"@context":"https:\/\/schema.org","@graph":[{"@type":"WebPage","@id":"https:\/\/apik.tribu.co\/en\/contact\/","url":"https:\/\/apik.tribu.co\/en\/contact\/","name":"Contact - APIK","isPartOf":{"@id":"https:\/\/apik.tribu.co\/#website"},"datePublished":"2023-02-14T04:23:26+00:00","dateModified":"2025-02-12T14:46:15+00:00","breadcrumb":{"@id":"https:\/\/apik.tribu.co\/en\/contact\/#breadcrumb"},"inLanguage":"en-US","potentialAction":[{"@type":"ReadAction","target":["https:\/\/apik.tribu.co\/en\/contact\/"]}]},{"@type":"BreadcrumbList","@id":"https:\/\/apik.tribu.co\/en\/contact\/#breadcrumb","itemListElement":[{"@type":"ListItem","position":1,"name":"Home","item":"https:\/\/apik.tribu.co\/en\/sample-page\/"},{"@type":"ListItem","position":2,"name":"Contact"}]},{"@type":"WebSite","@id":"https:\/\/apik.tribu.co\/#website","url":"https:\/\/apik.tribu.co\/","name":"APIK","description":"Just another Tribu Exp\u00e9rientiel site","potentialAction":[{"@type":"SearchAction","target":{"@type":"EntryPoint","urlTemplate":"https:\/\/apik.tribu.co\/?s={search_term_string}"},"query-input":{"@type":"PropertyValueSpecification","valueRequired":true,"valueName":"search_term_string"}}],"inLanguage":"en-US"}]}},"_links":{"self":[{"href":"https:\/\/apik.tribu.co\/en\/wp-json\/wp\/v2\/pages\/1859","targetHints":{"allow":["GET"]}}],"collection":[{"href":"https:\/\/apik.tribu.co\/en\/wp-json\/wp\/v2\/pages"}],"about":[{"href":"https:\/\/apik.tribu.co\/en\/wp-json\/wp\/v2\/types\/page"}],"author":[{"embeddable":true,"href":"https:\/\/apik.tribu.co\/en\/wp-json\/wp\/v2\/users\/14"}],"replies":[{"embeddable":true,"href":"https:\/\/apik.tribu.co\/en\/wp-json\/wp\/v2\/comments?post=1859"}],"version-history":[{"count":38,"href":"https:\/\/apik.tribu.co\/en\/wp-json\/wp\/v2\/pages\/1859\/revisions"}],"predecessor-version":[{"id":6399,"href":"https:\/\/apik.tribu.co\/en\/wp-json\/wp\/v2\/pages\/1859\/revisions\/6399"}],"wp:attachment":[{"href":"https:\/\/apik.tribu.co\/en\/wp-json\/wp\/v2\/media?parent=1859"}],"curies":[{"name":"wp","href":"https:\/\/api.w.org\/{rel}","templated":true}]}}